{"id":13,"date":"2025-11-18T16:18:22","date_gmt":"2025-11-18T16:18:22","guid":{"rendered":"https:\/\/mrovira.santcugatesn.com\/?page_id=13"},"modified":"2026-01-08T16:29:08","modified_gmt":"2026-01-08T16:29:08","slug":"impulsa-tu-rendimiento-con-coffit","status":"publish","type":"page","link":"https:\/\/mrovira.santcugatesn.com\/","title":{"rendered":"COF-FIT"},"content":{"rendered":"\n<div class=\"wp-block-group has-white-color has-secondary-background-color has-text-color has-background has-link-color wp-elements-89916289d2a5651a1c5b6d58d450e7a5 has-global-padding is-layout-constrained wp-block-group-is-layout-constrained\" style=\"border-top-left-radius:19px;border-top-right-radius:19px;border-bottom-left-radius:19px;border-bottom-right-radius:19px\">\n<div class=\"wp-block-group has-global-padding is-layout-constrained wp-block-group-is-layout-constrained\">\n<hr class=\"wp-block-separator has-alpha-channel-opacity is-style-wide\"\/>\n\n\n\n<div class=\"wp-block-group has-white-color has-text-color has-link-color wp-elements-6545cd303efd83d20ec49bcd7f6d9822 has-global-padding is-layout-constrained wp-block-group-is-layout-constrained\">\n<div class=\"wp-block-group has-global-padding is-content-justification-left is-layout-constrained wp-container-core-group-is-layout-1ad27c61 wp-block-group-is-layout-constrained\" style=\"padding-right:0;padding-left:0\">\n<div class=\"wp-block-group has-global-padding is-layout-constrained wp-container-core-group-is-layout-854e469c wp-block-group-is-layout-constrained\" style=\"border-top-left-radius:0px;border-top-right-radius:0px;border-bottom-left-radius:0px;border-bottom-right-radius:0px;margin-top:0;margin-bottom:0;padding-right:0;padding-left:0\">\n<div class=\"wp-block-group has-global-padding is-layout-constrained wp-container-core-group-is-layout-7db9d80f wp-block-group-is-layout-constrained\" style=\"padding-right:0;padding-left:0\">\n<div class=\"wp-block-group has-global-padding is-content-justification-left is-layout-constrained wp-container-core-group-is-layout-12dd3699 wp-block-group-is-layout-constrained\">\n<figure class=\"wp-block-image size-full is-resized has-custom-border\"><img loading=\"lazy\" decoding=\"async\" width=\"2400\" height=\"600\" src=\"https:\/\/mrovira.santcugatesn.com\/wp-content\/uploads\/2025\/12\/Diseno-sin-titulo-6.png\" alt=\"\" class=\"wp-image-205\" style=\"border-top-left-radius:29px;border-top-right-radius:29px;border-bottom-left-radius:29px;border-bottom-right-radius:29px;width:1070px;height:auto\" srcset=\"https:\/\/mrovira.santcugatesn.com\/wp-content\/uploads\/2025\/12\/Diseno-sin-titulo-6.png 2400w, https:\/\/mrovira.santcugatesn.com\/wp-content\/uploads\/2025\/12\/Diseno-sin-titulo-6-300x75.png 300w, https:\/\/mrovira.santcugatesn.com\/wp-content\/uploads\/2025\/12\/Diseno-sin-titulo-6-1024x256.png 1024w, https:\/\/mrovira.santcugatesn.com\/wp-content\/uploads\/2025\/12\/Diseno-sin-titulo-6-2000x500.png 2000w\" sizes=\"auto, (max-width: 2400px) 100vw, 2400px\" \/><\/figure>\n\n\n\n<h2 class=\"wp-block-heading has-text-align-center has-medium-font-size\" style=\"font-style:normal;font-weight:1000\">COFFIT Cold Brew 15g de prote\u00edna<\/h2>\n\n\n\n<p class=\"has-text-align-center\">Bebida energ\u00e9tica nutricional en lata, combina caf\u00e9 de calidad con prote\u00edna vegetal para darte energ\u00eda y ayudarte a cuidar a tu cuerpo al mismo tiempo. Pensado para personas activas, deportistas y cualquiera que tenga un ritmo de vida intenso y necesite un impulso extra sin renunciar a una alimentaci\u00f3n saludable.<\/p>\n\n\n\n<h2 class=\"wp-block-heading has-text-align-center has-medium-font-size\">Informaci\u00f3n nutricional<\/h2>\n<\/div>\n\n\n\n<p class=\"has-text-align-center\"><strong>Valor energ\u00e9tico:<\/strong> 420 kJ \/ 100 kcal<\/p>\n\n\n\n<p class=\"has-text-align-center\"><strong>Grasas:<\/strong> 1,5 g (de las cuales saturadas: 0,3 g)<\/p>\n\n\n\n<p class=\"has-text-align-center\"><strong>Hidratos de carbono:<\/strong> 4,0 g (de los cuales az\u00facares: 2,0 g)<\/p>\n\n\n\n<p class=\"has-text-align-center\"><strong>Prote\u00ednas:<\/strong> 15 g<\/p>\n\n\n\n<p class=\"has-text-align-center\"><strong>Sal:<\/strong> 0,15 g<\/p>\n\n\n\n<p class=\"has-text-align-center\"><strong>Cafe\u00edna:<\/strong> 80 mg (equivalente a una taza de caf\u00e9)<\/p>\n<\/div>\n<\/div>\n\n\n\n<figure class=\"wp-block-image aligncenter size-large is-resized\"><img loading=\"lazy\" decoding=\"async\" width=\"1024\" height=\"576\" src=\"https:\/\/mrovira.santcugatesn.com\/wp-content\/uploads\/2025\/12\/Diseno-sin-titulo-3-1024x576.png\" alt=\"\" class=\"wp-image-196\" style=\"width:345px;height:auto\" srcset=\"https:\/\/mrovira.santcugatesn.com\/wp-content\/uploads\/2025\/12\/Diseno-sin-titulo-3-1024x576.png 1024w, https:\/\/mrovira.santcugatesn.com\/wp-content\/uploads\/2025\/12\/Diseno-sin-titulo-3-300x169.png 300w, https:\/\/mrovira.santcugatesn.com\/wp-content\/uploads\/2025\/12\/Diseno-sin-titulo-3-600x338.png 600w, https:\/\/mrovira.santcugatesn.com\/wp-content\/uploads\/2025\/12\/Diseno-sin-titulo-3.png 1920w\" sizes=\"auto, (max-width: 1024px) 100vw, 1024px\" \/><\/figure>\n\n\n\n<p class=\"has-text-align-center has-medium-font-size\"><strong>Siente la energ\u00eda que te mueve<\/strong><\/p>\n\n\n\n<p class=\"has-text-align-center\">Nacido para acompa\u00f1ar a las personas que no paran. Un caf\u00e9 fr\u00edo que combina energ\u00eda y prote\u00edna vegetal para ayudarte a rendir m\u00e1s, cuidar tu cuerpo y seguir tu ritmo. Pensado para el d\u00eda a d\u00eda, para antes o despu\u00e9s de entrenar, para el trabajo o entre horas. Sin complicaciones, sin renuncias. Solo caf\u00e9, nutrici\u00f3n y actitud en una sola lata.<\/p>\n\n\n\n<p class=\"has-text-align-center\"><strong>COF-FIT. Actividad y bienestar al mismo tiempo.<\/strong><\/p>\n\n\n\n<div class=\"wp-block-buttons is-content-justification-center is-layout-flex wp-container-core-buttons-is-layout-a89b3969 wp-block-buttons-is-layout-flex\">\n<div class=\"wp-block-button\"><a class=\"wp-block-button__link wp-element-button\" href=\"https:\/\/mrovira.santcugatesn.com\/index.php\/sample-page\/\">COMPRAR<\/a><\/div>\n<\/div>\n<\/div>\n\n\n\n<p><\/p>\n<\/div>\n<\/div>\n<\/div>\n\n\n\n<p><\/p>\n","protected":false},"excerpt":{"rendered":"<p>COFFIT Cold Brew 15g de prote\u00edna Bebida energ\u00e9tica nutricional en lata, combina caf\u00e9 de calidad con prote\u00edna vegetal para darte energ\u00eda y ayudarte a cuidar a tu cuerpo al mismo tiempo. Pensado para personas activas, deportistas y cualquiera que tenga un ritmo de vida intenso y necesite un impulso extra sin renunciar a una alimentaci\u00f3n &hellip; <\/p>\n<p class=\"link-more\"><a href=\"https:\/\/mrovira.santcugatesn.com\/\" class=\"more-link\">Leer m\u00e1s<span class=\"screen-reader-text\"> \u00abCOF-FIT\u00bb<\/span><\/a><\/p>\n","protected":false},"author":1,"featured_media":0,"parent":0,"menu_order":1,"comment_status":"closed","ping_status":"closed","template":"","meta":{"footnotes":""},"class_list":["post-13","page","type-page","status-publish","hentry"],"yoast_head":"<!-- This site is optimized with the Yoast SEO plugin v27.4 - https:\/\/yoast.com\/product\/yoast-seo-wordpress\/ -->\n<title>COF-FIT - cof-fit.es<\/title>\n<meta name=\"description\" content=\"Impulsa tu rendimiento con COFFIT. Caf\u00e9 fr\u00edo con prote\u00edna vegetal y bajo en az\u00facar. Energ\u00eda y nutrici\u00f3n lista para cualquier momento del d\u00eda.\" \/>\n<meta name=\"robots\" content=\"index, follow, max-snippet:-1, max-image-preview:large, max-video-preview:-1\" \/>\n<link rel=\"canonical\" href=\"https:\/\/mrovira.santcugatesn.com\/\" \/>\n<meta property=\"og:locale\" content=\"es_ES\" \/>\n<meta property=\"og:type\" content=\"article\" \/>\n<meta property=\"og:title\" content=\"COF-FIT - cof-fit.es\" \/>\n<meta property=\"og:description\" content=\"Impulsa tu rendimiento con COFFIT. Caf\u00e9 fr\u00edo con prote\u00edna vegetal y bajo en az\u00facar. Energ\u00eda y nutrici\u00f3n lista para cualquier momento del d\u00eda.\" \/>\n<meta property=\"og:url\" content=\"https:\/\/mrovira.santcugatesn.com\/\" \/>\n<meta property=\"og:site_name\" content=\"cof-fit.es\" \/>\n<meta property=\"article:modified_time\" content=\"2026-01-08T16:29:08+00:00\" \/>\n<meta property=\"og:image\" content=\"https:\/\/mrovira.santcugatesn.com\/wp-content\/uploads\/2025\/12\/Diseno-sin-titulo-6.png\" \/>\n\t<meta property=\"og:image:width\" content=\"2400\" \/>\n\t<meta property=\"og:image:height\" content=\"600\" \/>\n\t<meta property=\"og:image:type\" content=\"image\/png\" \/>\n<meta name=\"twitter:card\" content=\"summary_large_image\" \/>\n<meta name=\"twitter:label1\" content=\"Tiempo de lectura\" \/>\n\t<meta name=\"twitter:data1\" content=\"2 minutos\" \/>\n<script type=\"application\/ld+json\" class=\"yoast-schema-graph\">{\"@context\":\"https:\\\/\\\/schema.org\",\"@graph\":[{\"@type\":\"WebPage\",\"@id\":\"https:\\\/\\\/mrovira.santcugatesn.com\\\/\",\"url\":\"https:\\\/\\\/mrovira.santcugatesn.com\\\/\",\"name\":\"COF-FIT - cof-fit.es\",\"isPartOf\":{\"@id\":\"https:\\\/\\\/mrovira.santcugatesn.com\\\/#website\"},\"primaryImageOfPage\":{\"@id\":\"https:\\\/\\\/mrovira.santcugatesn.com\\\/#primaryimage\"},\"image\":{\"@id\":\"https:\\\/\\\/mrovira.santcugatesn.com\\\/#primaryimage\"},\"thumbnailUrl\":\"https:\\\/\\\/mrovira.santcugatesn.com\\\/wp-content\\\/uploads\\\/2025\\\/12\\\/Diseno-sin-titulo-6.png\",\"datePublished\":\"2025-11-18T16:18:22+00:00\",\"dateModified\":\"2026-01-08T16:29:08+00:00\",\"description\":\"Impulsa tu rendimiento con COFFIT. Caf\u00e9 fr\u00edo con prote\u00edna vegetal y bajo en az\u00facar. Energ\u00eda y nutrici\u00f3n lista para cualquier momento del d\u00eda.\",\"breadcrumb\":{\"@id\":\"https:\\\/\\\/mrovira.santcugatesn.com\\\/#breadcrumb\"},\"inLanguage\":\"es\",\"potentialAction\":[{\"@type\":\"ReadAction\",\"target\":[\"https:\\\/\\\/mrovira.santcugatesn.com\\\/\"]}]},{\"@type\":\"ImageObject\",\"inLanguage\":\"es\",\"@id\":\"https:\\\/\\\/mrovira.santcugatesn.com\\\/#primaryimage\",\"url\":\"https:\\\/\\\/mrovira.santcugatesn.com\\\/wp-content\\\/uploads\\\/2025\\\/12\\\/Diseno-sin-titulo-6.png\",\"contentUrl\":\"https:\\\/\\\/mrovira.santcugatesn.com\\\/wp-content\\\/uploads\\\/2025\\\/12\\\/Diseno-sin-titulo-6.png\",\"width\":2400,\"height\":600},{\"@type\":\"BreadcrumbList\",\"@id\":\"https:\\\/\\\/mrovira.santcugatesn.com\\\/#breadcrumb\",\"itemListElement\":[{\"@type\":\"ListItem\",\"position\":1,\"name\":\"Home\",\"item\":\"https:\\\/\\\/mrovira.santcugatesn.com\\\/\"},{\"@type\":\"ListItem\",\"position\":2,\"name\":\"COF-FIT\"}]},{\"@type\":\"WebSite\",\"@id\":\"https:\\\/\\\/mrovira.santcugatesn.com\\\/#website\",\"url\":\"https:\\\/\\\/mrovira.santcugatesn.com\\\/\",\"name\":\"cof-fit.es\",\"description\":\"\",\"publisher\":{\"@id\":\"https:\\\/\\\/mrovira.santcugatesn.com\\\/#organization\"},\"potentialAction\":[{\"@type\":\"SearchAction\",\"target\":{\"@type\":\"EntryPoint\",\"urlTemplate\":\"https:\\\/\\\/mrovira.santcugatesn.com\\\/?s={search_term_string}\"},\"query-input\":{\"@type\":\"PropertyValueSpecification\",\"valueRequired\":true,\"valueName\":\"search_term_string\"}}],\"inLanguage\":\"es\"},{\"@type\":\"Organization\",\"@id\":\"https:\\\/\\\/mrovira.santcugatesn.com\\\/#organization\",\"name\":\"cof-fit.es\",\"url\":\"https:\\\/\\\/mrovira.santcugatesn.com\\\/\",\"logo\":{\"@type\":\"ImageObject\",\"inLanguage\":\"es\",\"@id\":\"https:\\\/\\\/mrovira.santcugatesn.com\\\/#\\\/schema\\\/logo\\\/image\\\/\",\"url\":\"https:\\\/\\\/mrovira.santcugatesn.com\\\/wp-content\\\/uploads\\\/2025\\\/12\\\/cropped-cropped-task_01kchar5jefd3vdqgwwcej3rg0-1765813368_img_1-2-removebg-preview-1.png\",\"contentUrl\":\"https:\\\/\\\/mrovira.santcugatesn.com\\\/wp-content\\\/uploads\\\/2025\\\/12\\\/cropped-cropped-task_01kchar5jefd3vdqgwwcej3rg0-1765813368_img_1-2-removebg-preview-1.png\",\"width\":408,\"height\":213,\"caption\":\"cof-fit.es\"},\"image\":{\"@id\":\"https:\\\/\\\/mrovira.santcugatesn.com\\\/#\\\/schema\\\/logo\\\/image\\\/\"}}]}<\/script>\n<!-- \/ Yoast SEO plugin. -->","yoast_head_json":{"title":"COF-FIT - cof-fit.es","description":"Impulsa tu rendimiento con COFFIT. Caf\u00e9 fr\u00edo con prote\u00edna vegetal y bajo en az\u00facar. Energ\u00eda y nutrici\u00f3n lista para cualquier momento del d\u00eda.","robots":{"index":"index","follow":"follow","max-snippet":"max-snippet:-1","max-image-preview":"max-image-preview:large","max-video-preview":"max-video-preview:-1"},"canonical":"https:\/\/mrovira.santcugatesn.com\/","og_locale":"es_ES","og_type":"article","og_title":"COF-FIT - cof-fit.es","og_description":"Impulsa tu rendimiento con COFFIT. Caf\u00e9 fr\u00edo con prote\u00edna vegetal y bajo en az\u00facar. Energ\u00eda y nutrici\u00f3n lista para cualquier momento del d\u00eda.","og_url":"https:\/\/mrovira.santcugatesn.com\/","og_site_name":"cof-fit.es","article_modified_time":"2026-01-08T16:29:08+00:00","og_image":[{"width":2400,"height":600,"url":"https:\/\/mrovira.santcugatesn.com\/wp-content\/uploads\/2025\/12\/Diseno-sin-titulo-6.png","type":"image\/png"}],"twitter_card":"summary_large_image","twitter_misc":{"Tiempo de lectura":"2 minutos"},"schema":{"@context":"https:\/\/schema.org","@graph":[{"@type":"WebPage","@id":"https:\/\/mrovira.santcugatesn.com\/","url":"https:\/\/mrovira.santcugatesn.com\/","name":"COF-FIT - cof-fit.es","isPartOf":{"@id":"https:\/\/mrovira.santcugatesn.com\/#website"},"primaryImageOfPage":{"@id":"https:\/\/mrovira.santcugatesn.com\/#primaryimage"},"image":{"@id":"https:\/\/mrovira.santcugatesn.com\/#primaryimage"},"thumbnailUrl":"https:\/\/mrovira.santcugatesn.com\/wp-content\/uploads\/2025\/12\/Diseno-sin-titulo-6.png","datePublished":"2025-11-18T16:18:22+00:00","dateModified":"2026-01-08T16:29:08+00:00","description":"Impulsa tu rendimiento con COFFIT. Caf\u00e9 fr\u00edo con prote\u00edna vegetal y bajo en az\u00facar. Energ\u00eda y nutrici\u00f3n lista para cualquier momento del d\u00eda.","breadcrumb":{"@id":"https:\/\/mrovira.santcugatesn.com\/#breadcrumb"},"inLanguage":"es","potentialAction":[{"@type":"ReadAction","target":["https:\/\/mrovira.santcugatesn.com\/"]}]},{"@type":"ImageObject","inLanguage":"es","@id":"https:\/\/mrovira.santcugatesn.com\/#primaryimage","url":"https:\/\/mrovira.santcugatesn.com\/wp-content\/uploads\/2025\/12\/Diseno-sin-titulo-6.png","contentUrl":"https:\/\/mrovira.santcugatesn.com\/wp-content\/uploads\/2025\/12\/Diseno-sin-titulo-6.png","width":2400,"height":600},{"@type":"BreadcrumbList","@id":"https:\/\/mrovira.santcugatesn.com\/#breadcrumb","itemListElement":[{"@type":"ListItem","position":1,"name":"Home","item":"https:\/\/mrovira.santcugatesn.com\/"},{"@type":"ListItem","position":2,"name":"COF-FIT"}]},{"@type":"WebSite","@id":"https:\/\/mrovira.santcugatesn.com\/#website","url":"https:\/\/mrovira.santcugatesn.com\/","name":"cof-fit.es","description":"","publisher":{"@id":"https:\/\/mrovira.santcugatesn.com\/#organization"},"potentialAction":[{"@type":"SearchAction","target":{"@type":"EntryPoint","urlTemplate":"https:\/\/mrovira.santcugatesn.com\/?s={search_term_string}"},"query-input":{"@type":"PropertyValueSpecification","valueRequired":true,"valueName":"search_term_string"}}],"inLanguage":"es"},{"@type":"Organization","@id":"https:\/\/mrovira.santcugatesn.com\/#organization","name":"cof-fit.es","url":"https:\/\/mrovira.santcugatesn.com\/","logo":{"@type":"ImageObject","inLanguage":"es","@id":"https:\/\/mrovira.santcugatesn.com\/#\/schema\/logo\/image\/","url":"https:\/\/mrovira.santcugatesn.com\/wp-content\/uploads\/2025\/12\/cropped-cropped-task_01kchar5jefd3vdqgwwcej3rg0-1765813368_img_1-2-removebg-preview-1.png","contentUrl":"https:\/\/mrovira.santcugatesn.com\/wp-content\/uploads\/2025\/12\/cropped-cropped-task_01kchar5jefd3vdqgwwcej3rg0-1765813368_img_1-2-removebg-preview-1.png","width":408,"height":213,"caption":"cof-fit.es"},"image":{"@id":"https:\/\/mrovira.santcugatesn.com\/#\/schema\/logo\/image\/"}}]}},"_links":{"self":[{"href":"https:\/\/mrovira.santcugatesn.com\/index.php\/wp-json\/wp\/v2\/pages\/13","targetHints":{"allow":["GET"]}}],"collection":[{"href":"https:\/\/mrovira.santcugatesn.com\/index.php\/wp-json\/wp\/v2\/pages"}],"about":[{"href":"https:\/\/mrovira.santcugatesn.com\/index.php\/wp-json\/wp\/v2\/types\/page"}],"author":[{"embeddable":true,"href":"https:\/\/mrovira.santcugatesn.com\/index.php\/wp-json\/wp\/v2\/users\/1"}],"replies":[{"embeddable":true,"href":"https:\/\/mrovira.santcugatesn.com\/index.php\/wp-json\/wp\/v2\/comments?post=13"}],"version-history":[{"count":40,"href":"https:\/\/mrovira.santcugatesn.com\/index.php\/wp-json\/wp\/v2\/pages\/13\/revisions"}],"predecessor-version":[{"id":325,"href":"https:\/\/mrovira.santcugatesn.com\/index.php\/wp-json\/wp\/v2\/pages\/13\/revisions\/325"}],"wp:attachment":[{"href":"https:\/\/mrovira.santcugatesn.com\/index.php\/wp-json\/wp\/v2\/media?parent=13"}],"curies":[{"name":"wp","href":"https:\/\/api.w.org\/{rel}","templated":true}]}}